{"id":27,"date":"2018-01-02T17:04:25","date_gmt":"2018-01-02T16:04:25","guid":{"rendered":"http:\/\/www.danpictures.at\/wp\/?page_id=27"},"modified":"2018-01-10T22:38:24","modified_gmt":"2018-01-10T21:38:24","slug":"ueber-mich","status":"publish","type":"page","link":"https:\/\/www.danpictures.at\/wp\/ueber-mich\/","title":{"rendered":"\u00dcber mich"},"content":{"rendered":"<p>Mein Name ist Andreas Decker, ich bin verheiratet, habe einen Sohn Maximilian und lebe in Wien.<\/p>\n<p><img loading=\"lazy\" decoding=\"async\" class=\"size-full wp-image-155 alignleft\" src=\"http:\/\/www.danpictures.at\/wp\/wp-content\/uploads\/2018\/01\/andi_avatar_sqare.jpg\" alt=\"\" width=\"220\" height=\"220\" srcset=\"https:\/\/www.danpictures.at\/wp\/wp-content\/uploads\/2018\/01\/andi_avatar_sqare.jpg 220w, https:\/\/www.danpictures.at\/wp\/wp-content\/uploads\/2018\/01\/andi_avatar_sqare-150x150.jpg 150w\" sizes=\"auto, (max-width: 220px) 100vw, 220px\" \/><\/p>\n<p>&nbsp;<\/p>\n<p>Nach fast zwei Jahrzehnten in der IT-Branche, einer f\u00fcr mich erf\u00fcllenden und erfolgreichen Zeit, habe ich mich entschieden, ein langj\u00e4hriges Hobby &#8211; die digitale Fotografie &#8211; professioneller zu betreiben.<br \/>\nIch habe an der LIK Akademie f\u00fcr Fotografie und Design das Studium f\u00fcr digitale Fotografie im Juni 2017 mit ausgezeichnetem gutem Erfolg abgeschlossen.<\/p>\n<p>Viel Vergn\u00fcgen beim Bl\u00e4ttern!<\/p>\n<p><img loading=\"lazy\" decoding=\"async\" class=\"aligncenter size-large wp-image-90\" src=\"http:\/\/www.danpictures.at\/wp\/wp-content\/uploads\/2018\/01\/DFO-Diplom-721x1024.jpg\" alt=\"\" width=\"721\" height=\"1024\" srcset=\"https:\/\/www.danpictures.at\/wp\/wp-content\/uploads\/2018\/01\/DFO-Diplom-721x1024.jpg 721w, https:\/\/www.danpictures.at\/wp\/wp-content\/uploads\/2018\/01\/DFO-Diplom-211x300.jpg 211w, https:\/\/www.danpictures.at\/wp\/wp-content\/uploads\/2018\/01\/DFO-Diplom-768x1090.jpg 768w, https:\/\/www.danpictures.at\/wp\/wp-content\/uploads\/2018\/01\/DFO-Diplom-830x1179.jpg 830w, https:\/\/www.danpictures.at\/wp\/wp-content\/uploads\/2018\/01\/DFO-Diplom-230x327.jpg 230w, https:\/\/www.danpictures.at\/wp\/wp-content\/uploads\/2018\/01\/DFO-Diplom-350x497.jpg 350w, https:\/\/www.danpictures.at\/wp\/wp-content\/uploads\/2018\/01\/DFO-Diplom-480x682.jpg 480w\" sizes=\"auto, (max-width: 721px) 100vw, 721px\" \/><\/p>\n","protected":false},"excerpt":{"rendered":"<p>Mein Name ist Andreas Decker, ich bin verheiratet, habe einen Sohn Maximilian und lebe in Wien. &nbsp; Nach fast zwei Jahrzehnten in [&hellip;]<\/p>\n","protected":false},"author":1,"featured_media":0,"parent":0,"menu_order":0,"comment_status":"closed","ping_status":"closed","template":"page-templates\/page_fullwidth.php","meta":{"footnotes":""},"class_list":["post-27","page","type-page","status-publish","hentry"],"_links":{"self":[{"href":"https:\/\/www.danpictures.at\/wp\/wp-json\/wp\/v2\/pages\/27","targetHints":{"allow":["GET"]}}],"collection":[{"href":"https:\/\/www.danpictures.at\/wp\/wp-json\/wp\/v2\/pages"}],"about":[{"href":"https:\/\/www.danpictures.at\/wp\/wp-json\/wp\/v2\/types\/page"}],"author":[{"embeddable":true,"href":"https:\/\/www.danpictures.at\/wp\/wp-json\/wp\/v2\/users\/1"}],"replies":[{"embeddable":true,"href":"https:\/\/www.danpictures.at\/wp\/wp-json\/wp\/v2\/comments?post=27"}],"version-history":[{"count":3,"href":"https:\/\/www.danpictures.at\/wp\/wp-json\/wp\/v2\/pages\/27\/revisions"}],"predecessor-version":[{"id":157,"href":"https:\/\/www.danpictures.at\/wp\/wp-json\/wp\/v2\/pages\/27\/revisions\/157"}],"wp:attachment":[{"href":"https:\/\/www.danpictures.at\/wp\/wp-json\/wp\/v2\/media?parent=27"}],"curies":[{"name":"wp","href":"https:\/\/api.w.org\/{rel}","templated":true}]}}